{"id":114,"date":"2023-04-26T14:47:54","date_gmt":"2023-04-26T14:47:54","guid":{"rendered":"https:\/\/laodisea.es\/?page_id=114"},"modified":"2023-04-26T15:35:56","modified_gmt":"2023-04-26T15:35:56","slug":"menus-grupos","status":"publish","type":"page","link":"https:\/\/laodisea.es\/index.php\/menus-grupos\/","title":{"rendered":"Men\u00fas Grupos"},"content":{"rendered":"\n<div class=\"wp-block-media-text alignwide is-stacked-on-mobile\"><figure class=\"wp-block-media-text__media\"><img loading=\"lazy\" decoding=\"async\" width=\"768\" height=\"1024\" src=\"https:\/\/laodisea.es\/wp-content\/uploads\/2023\/04\/IMG-20191112-WA0099-768x1024.jpg\" alt=\"\" class=\"wp-image-120 size-full\" srcset=\"https:\/\/laodisea.es\/wp-content\/uploads\/2023\/04\/IMG-20191112-WA0099-768x1024.jpg 768w, https:\/\/laodisea.es\/wp-content\/uploads\/2023\/04\/IMG-20191112-WA0099-225x300.jpg 225w, https:\/\/laodisea.es\/wp-content\/uploads\/2023\/04\/IMG-20191112-WA0099-1152x1536.jpg 1152w, https:\/\/laodisea.es\/wp-content\/uploads\/2023\/04\/IMG-20191112-WA0099.jpg 1200w\" sizes=\"(max-width: 768px) 100vw, 768px\" \/><\/figure><div class=\"wp-block-media-text__content\">\n<p><strong><u>MEN\u00da N\u00ba 1<\/u><\/strong><\/p>\n\n\n\n<p>ENTRANTES A COMPARTIR:<\/p>\n\n\n\n<p>Combinado de ib\u00e9ricos<\/p>\n\n\n\n<p>Ensalada de at\u00fan y piquillos<\/p>\n\n\n\n<p>Revueto de la Casa<\/p>\n\n\n\n<p>Croquetas de jam\u00f3n<\/p>\n\n\n\n<p>2\u00ba A ELEGIR:<\/p>\n\n\n\n<p>Entrecot de ternera 300 g. (aprox.)<\/p>\n\n\n\n<p>San Jacobo de ternera<\/p>\n\n\n\n<p>Chipirones encebollados<\/p>\n\n\n\n<p>Lubina al horno<\/p>\n\n\n\n<p><strong>25 \u20ac \/ PAX<\/strong><\/p>\n\n\n\n<p><\/p>\n<\/div><\/div>\n\n\n\n<hr class=\"wp-block-separator has-alpha-channel-opacity\"\/>\n\n\n\n<div class=\"wp-block-media-text alignwide is-stacked-on-mobile\"><figure class=\"wp-block-media-text__media\"><img loading=\"lazy\" decoding=\"async\" width=\"768\" height=\"1024\" src=\"https:\/\/laodisea.es\/wp-content\/uploads\/2023\/04\/IMG-20191112-WA0070-768x1024.jpg\" alt=\"\" class=\"wp-image-124 size-full\" srcset=\"https:\/\/laodisea.es\/wp-content\/uploads\/2023\/04\/IMG-20191112-WA0070-768x1024.jpg 768w, https:\/\/laodisea.es\/wp-content\/uploads\/2023\/04\/IMG-20191112-WA0070-225x300.jpg 225w, https:\/\/laodisea.es\/wp-content\/uploads\/2023\/04\/IMG-20191112-WA0070-1152x1536.jpg 1152w, https:\/\/laodisea.es\/wp-content\/uploads\/2023\/04\/IMG-20191112-WA0070.jpg 1200w\" sizes=\"(max-width: 768px) 100vw, 768px\" \/><\/figure><div class=\"wp-block-media-text__content\">\n<p><strong>MEN\u00da N\u00ba 2<\/strong><\/p>\n\n\n\n<p>ENTRANTES A COMPARTIR:<\/p>\n\n\n\n<p>Combinado de ib\u00e9ricos<\/p>\n\n\n\n<p>Ensalada C\u00e9sar<\/p>\n\n\n\n<p>Sepia a la plancha<\/p>\n\n\n\n<p>Calamares a la romana<\/p>\n\n\n\n<p>2\u00ba A ELEGIR:<\/p>\n\n\n\n<p>Chuleta de ternera 500 g. (aprox.)<\/p>\n\n\n\n<p>Chuletillas de lechazo<\/p>\n\n\n\n<p>Rape a la Americana<\/p>\n\n\n\n<p>Bacalao al Ajoarriero<\/p>\n\n\n\n<p><strong>35 \u20ac \/ PAX<\/strong><\/p>\n<\/div><\/div>\n\n\n\n<hr class=\"wp-block-separator has-alpha-channel-opacity\"\/>\n\n\n\n<div class=\"wp-block-media-text alignwide is-stacked-on-mobile\"><figure class=\"wp-block-media-text__media\"><img loading=\"lazy\" decoding=\"async\" width=\"768\" height=\"1024\" src=\"https:\/\/laodisea.es\/wp-content\/uploads\/2023\/04\/IMG-20191112-WA0060-768x1024.jpg\" alt=\"\" class=\"wp-image-123 size-full\" srcset=\"https:\/\/laodisea.es\/wp-content\/uploads\/2023\/04\/IMG-20191112-WA0060-768x1023.jpg 768w, https:\/\/laodisea.es\/wp-content\/uploads\/2023\/04\/IMG-20191112-WA0060-225x300.jpg 225w, https:\/\/laodisea.es\/wp-content\/uploads\/2023\/04\/IMG-20191112-WA0060-1153x1536.jpg 1153w, https:\/\/laodisea.es\/wp-content\/uploads\/2023\/04\/IMG-20191112-WA0060.jpg 1200w\" sizes=\"(max-width: 768px) 100vw, 768px\" \/><\/figure><div class=\"wp-block-media-text__content\">\n<p><strong>MEN\u00da N\u00ba 3<\/strong><\/p>\n\n\n\n<p>ENTRANTES A COMPARTIR:<\/p>\n\n\n\n<p>Jam\u00f3n de bellota<\/p>\n\n\n\n<p>N\u00e9coras cocidas<\/p>\n\n\n\n<p>Zamburi\u00f1as a la plancha<\/p>\n\n\n\n<p>Cigalas con panceta y jalape\u00f1os<\/p>\n\n\n\n<p>Ensalada de ahumados<\/p>\n\n\n\n<p>2\u00ba A ELEGIR:<\/p>\n\n\n\n<p>Lechazo asado (Por encargo)<\/p>\n\n\n\n<p>Rodaballo a la plancha<\/p>\n\n\n\n<p>Cualquier 2\u00ba plato de los men\u00fas 1 \u00f3 2<\/p>\n\n\n\n<p><strong>60 \u20ac \/ PAX<\/strong><\/p>\n<\/div><\/div>\n\n\n\n<hr class=\"wp-block-separator has-alpha-channel-opacity\"\/>\n","protected":false},"excerpt":{"rendered":"<p>MEN\u00da N\u00ba 1 ENTRANTES A COMPARTIR: Combinado de ib\u00e9ricos Ensalada de at\u00fan y piquillos Revueto de la Casa Croquetas de jam\u00f3n 2\u00ba A ELEGIR: Entrecot de ternera 300 g. (aprox.) San Jacobo de ternera Chipirones encebollados Lubina al horno 25 \u20ac \/ PAX MEN\u00da N\u00ba 2 ENTRANTES A COMPARTIR: Combinado de ib\u00e9ricos Ensalada C\u00e9sar Sepia &hellip; <\/p>\n<p class=\"link-more\"><a href=\"https:\/\/laodisea.es\/index.php\/menus-grupos\/\" class=\"more-link\">Read more<span class=\"screen-reader-text\"> &#8220;Men\u00fas Grupos&#8221;<\/span><\/a><\/p>\n","protected":false},"author":1,"featured_media":127,"parent":0,"menu_order":0,"comment_status":"closed","ping_status":"closed","template":"","meta":{"footnotes":""},"_links":{"self":[{"href":"https:\/\/laodisea.es\/index.php\/wp-json\/wp\/v2\/pages\/114"}],"collection":[{"href":"https:\/\/laodisea.es\/index.php\/wp-json\/wp\/v2\/pages"}],"about":[{"href":"https:\/\/laodisea.es\/index.php\/wp-json\/wp\/v2\/types\/page"}],"author":[{"embeddable":true,"href":"https:\/\/laodisea.es\/index.php\/wp-json\/wp\/v2\/users\/1"}],"replies":[{"embeddable":true,"href":"https:\/\/laodisea.es\/index.php\/wp-json\/wp\/v2\/comments?post=114"}],"version-history":[{"count":4,"href":"https:\/\/laodisea.es\/index.php\/wp-json\/wp\/v2\/pages\/114\/revisions"}],"predecessor-version":[{"id":151,"href":"https:\/\/laodisea.es\/index.php\/wp-json\/wp\/v2\/pages\/114\/revisions\/151"}],"wp:featuredmedia":[{"embeddable":true,"href":"https:\/\/laodisea.es\/index.php\/wp-json\/wp\/v2\/media\/127"}],"wp:attachment":[{"href":"https:\/\/laodisea.es\/index.php\/wp-json\/wp\/v2\/media?parent=114"}],"curies":[{"name":"wp","href":"https:\/\/api.w.org\/{rel}","templated":true}]}}